{"id":613,"date":"2023-07-03T11:21:45","date_gmt":"2023-07-03T09:21:45","guid":{"rendered":"https:\/\/www.dbrec.es\/que-fem\/"},"modified":"2023-07-19T18:27:32","modified_gmt":"2023-07-19T16:27:32","slug":"que-fem","status":"publish","type":"page","link":"https:\/\/www.dbrec.es\/ca\/que-fem\/","title":{"rendered":"Qu\u00e8 fem"},"content":{"rendered":"\t\t<div data-elementor-type=\"wp-page\" data-elementor-id=\"613\" class=\"elementor elementor-613 elementor-58\" data-elementor-post-type=\"page\">\n\t\t\t\t<div class=\"elementor-element elementor-element-e504d6e e-flex e-con-boxed e-con e-parent\" data-id=\"e504d6e\" data-element_type=\"container\" data-settings=\"{&quot;content_width&quot;:&quot;boxed&quot;}\" data-core-v316-plus=\"true\">\n\t\t\t\t\t<div class=\"e-con-inner\">\n\t\t\t\t<div class=\"elementor-element elementor-element-c5256e7 elementor-widget elementor-widget-heading\" data-id=\"c5256e7\" data-element_type=\"widget\" data-widget_type=\"heading.default\">\n\t\t\t\t<div class=\"elementor-widget-container\">\n\t\t\t<style>\/*! elementor - v3.19.0 - 07-02-2024 *\/\n.elementor-heading-title{padding:0;margin:0;line-height:1}.elementor-widget-heading .elementor-heading-title[class*=elementor-size-]>a{color:inherit;font-size:inherit;line-height:inherit}.elementor-widget-heading .elementor-heading-title.elementor-size-small{font-size:15px}.elementor-widget-heading .elementor-heading-title.elementor-size-medium{font-size:19px}.elementor-widget-heading .elementor-heading-title.elementor-size-large{font-size:29px}.elementor-widget-heading .elementor-heading-title.elementor-size-xl{font-size:39px}.elementor-widget-heading .elementor-heading-title.elementor-size-xxl{font-size:59px}<\/style><h1 class=\"elementor-heading-title elementor-size-default\">Qu\u00e8 fem<\/h1>\t\t<\/div>\n\t\t\t\t<\/div>\n\t\t<div class=\"elementor-element elementor-element-bd85778 e-flex e-con-boxed e-con e-parent\" data-id=\"bd85778\" data-element_type=\"container\" data-settings=\"{&quot;content_width&quot;:&quot;boxed&quot;}\" data-core-v316-plus=\"true\">\n\t\t\t\t\t<div class=\"e-con-inner\">\n\t\t\t\t<div class=\"elementor-element elementor-element-e327552 elementor-cta--skin-cover elementor-widget__width-initial elementor-bg-transform elementor-bg-transform-zoom-in elementor-widget elementor-widget-call-to-action\" data-id=\"e327552\" data-element_type=\"widget\" data-widget_type=\"call-to-action.default\">\n\t\t\t\t<div class=\"elementor-widget-container\">\n\t\t\t<link rel=\"stylesheet\" href=\"https:\/\/www.dbrec.es\/wp-content\/uploads\/elementor\/css\/custom-pro-widget-call-to-action.min.css?ver=1708591694\">\t\t<div class=\"elementor-cta\" data-e-bg-lazyload=\".elementor-bg\">\n\t\t\t\t\t<div class=\"elementor-cta__bg-wrapper\">\n\t\t\t\t<div class=\"elementor-cta__bg elementor-bg\" style=\"background-image: var(--e-bg-lazyload-loaded); --e-bg-lazyload: url(https:\/\/www.dbrec.es\/wp-content\/uploads\/2023\/07\/broadcast-film-commercial-dbrec.png);\" role=\"img\" aria-label=\"broadcast film commercial dbrec\"><\/div>\n\t\t\t\t<div class=\"elementor-cta__bg-overlay\"><\/div>\n\t\t\t<\/div>\n\t\t\t\t\t\t\t<div class=\"elementor-cta__content\">\n\t\t\t\t\n\t\t\t\t\t\t\t\t\t<h4 class=\"elementor-cta__title elementor-cta__content-item elementor-content-item\">\n\t\t\t\t\t\tBROADCAST\t\t\t\t\t<\/h4>\n\t\t\t\t\n\t\t\t\t\n\t\t\t\t\t\t\t<\/div>\n\t\t\t\t\t\t<\/div>\n\t\t\t\t<\/div>\n\t\t\t\t<\/div>\n\t\t\t\t<div class=\"elementor-element elementor-element-ded02d0 elementor-cta--skin-cover elementor-widget__width-initial elementor-bg-transform elementor-bg-transform-zoom-in elementor-widget elementor-widget-call-to-action\" data-id=\"ded02d0\" data-element_type=\"widget\" data-widget_type=\"call-to-action.default\">\n\t\t\t\t<div class=\"elementor-widget-container\">\n\t\t\t\t\t<div class=\"elementor-cta\" data-e-bg-lazyload=\".elementor-bg\">\n\t\t\t\t\t<div class=\"elementor-cta__bg-wrapper\">\n\t\t\t\t<div class=\"elementor-cta__bg elementor-bg\" style=\"background-image: var(--e-bg-lazyload-loaded); --e-bg-lazyload: url(https:\/\/www.dbrec.es\/wp-content\/uploads\/2023\/07\/CINE-DBREC.png);\" role=\"img\" aria-label=\"CINE DBREC\"><\/div>\n\t\t\t\t<div class=\"elementor-cta__bg-overlay\"><\/div>\n\t\t\t<\/div>\n\t\t\t\t\t\t\t<div class=\"elementor-cta__content\">\n\t\t\t\t\n\t\t\t\t\t\t\t\t\t<h4 class=\"elementor-cta__title elementor-cta__content-item elementor-content-item\">\n\t\t\t\t\t\tFILM\t\t\t\t\t<\/h4>\n\t\t\t\t\n\t\t\t\t\n\t\t\t\t\t\t\t<\/div>\n\t\t\t\t\t\t<\/div>\n\t\t\t\t<\/div>\n\t\t\t\t<\/div>\n\t\t\t\t<div class=\"elementor-element elementor-element-bc1fe90 elementor-cta--skin-cover elementor-widget__width-initial elementor-bg-transform elementor-bg-transform-zoom-in elementor-widget elementor-widget-call-to-action\" data-id=\"bc1fe90\" data-element_type=\"widget\" data-widget_type=\"call-to-action.default\">\n\t\t\t\t<div class=\"elementor-widget-container\">\n\t\t\t\t\t<div class=\"elementor-cta\" data-e-bg-lazyload=\".elementor-bg\">\n\t\t\t\t\t<div class=\"elementor-cta__bg-wrapper\">\n\t\t\t\t<div class=\"elementor-cta__bg elementor-bg\" style=\"background-image: var(--e-bg-lazyload-loaded); --e-bg-lazyload: url(https:\/\/www.dbrec.es\/wp-content\/uploads\/2023\/07\/COMMERCIAL-DBREC.png);\" role=\"img\" aria-label=\"COMMERCIAL DBREC\"><\/div>\n\t\t\t\t<div class=\"elementor-cta__bg-overlay\"><\/div>\n\t\t\t<\/div>\n\t\t\t\t\t\t\t<div class=\"elementor-cta__content\">\n\t\t\t\t\n\t\t\t\t\t\t\t\t\t<h4 class=\"elementor-cta__title elementor-cta__content-item elementor-content-item\">\n\t\t\t\t\t\tCOMMERCIAL\t\t\t\t\t<\/h4>\n\t\t\t\t\n\t\t\t\t\n\t\t\t\t\t\t\t<\/div>\n\t\t\t\t\t\t<\/div>\n\t\t\t\t<\/div>\n\t\t\t\t<\/div>\n\t\t\t\t\t<\/div>\n\t\t\t\t<\/div>\n\t\t\t\t<div class=\"elementor-element elementor-element-f038491 elementor-widget elementor-widget-text-editor\" data-id=\"f038491\" data-element_type=\"widget\" data-widget_type=\"text-editor.default\">\n\t\t\t\t<div class=\"elementor-widget-container\">\n\t\t\t<style>\/*! elementor - v3.19.0 - 07-02-2024 *\/\n.elementor-widget-text-editor.elementor-drop-cap-view-stacked .elementor-drop-cap{background-color:#69727d;color:#fff}.elementor-widget-text-editor.elementor-drop-cap-view-framed .elementor-drop-cap{color:#69727d;border:3px solid;background-color:transparent}.elementor-widget-text-editor:not(.elementor-drop-cap-view-default) .elementor-drop-cap{margin-top:8px}.elementor-widget-text-editor:not(.elementor-drop-cap-view-default) .elementor-drop-cap-letter{width:1em;height:1em}.elementor-widget-text-editor .elementor-drop-cap{float:left;text-align:center;line-height:1;font-size:50px}.elementor-widget-text-editor .elementor-drop-cap-letter{display:inline-block}<\/style>\t\t\t\t<p>Explica&#8217;ns el teu projecte, i ens adaptem a dissenyar, gravar i\/o postproduir-lo de la millor manera que sabem.<\/p>\n\t\t\t\t\t\t<\/div>\n\t\t\t\t<\/div>\n\t\t\t\t\t<\/div>\n\t\t\t\t<\/div>\n\t\t<div class=\"elementor-element elementor-element-5fa81ff e-flex e-con-boxed e-con e-parent\" data-id=\"5fa81ff\" data-element_type=\"container\" data-settings=\"{&quot;content_width&quot;:&quot;boxed&quot;}\" data-core-v316-plus=\"true\">\n\t\t\t\t\t<div class=\"e-con-inner\">\n\t\t<div class=\"elementor-element elementor-element-27be89a e-con-full e-flex e-con e-parent\" data-id=\"27be89a\" data-element_type=\"container\" data-settings=\"{&quot;content_width&quot;:&quot;full&quot;}\" data-core-v316-plus=\"true\">\n\t\t\t\t<div class=\"elementor-element elementor-element-7312ad9 elementor-cta--skin-cover elementor-widget__width-initial elementor-bg-transform elementor-bg-transform-zoom-in elementor-widget elementor-widget-call-to-action\" data-id=\"7312ad9\" data-element_type=\"widget\" data-widget_type=\"call-to-action.default\">\n\t\t\t\t<div class=\"elementor-widget-container\">\n\t\t\t\t\t<div class=\"elementor-cta\" data-e-bg-lazyload=\".elementor-bg\">\n\t\t\t\t\t<div class=\"elementor-cta__bg-wrapper\">\n\t\t\t\t<div class=\"elementor-cta__bg elementor-bg\" style=\"background-image: var(--e-bg-lazyload-loaded); --e-bg-lazyload: url(https:\/\/www.dbrec.es\/wp-content\/uploads\/2023\/07\/ESTUDIO-DBREC.png);\" role=\"img\" aria-label=\"ESTUDIO DBREC\"><\/div>\n\t\t\t\t<div class=\"elementor-cta__bg-overlay\"><\/div>\n\t\t\t<\/div>\n\t\t\t\t\t\t\t<div class=\"elementor-cta__content\">\n\t\t\t\t\n\t\t\t\t\t\t\t\t\t<h4 class=\"elementor-cta__title elementor-cta__content-item elementor-content-item\">\n\t\t\t\t\t\tSTUDIO\t\t\t\t\t<\/h4>\n\t\t\t\t\n\t\t\t\t\n\t\t\t\t\t\t\t<\/div>\n\t\t\t\t\t\t<\/div>\n\t\t\t\t<\/div>\n\t\t\t\t<\/div>\n\t\t\t\t<div class=\"elementor-element elementor-element-17deea2 elementor-widget elementor-widget-text-editor\" data-id=\"17deea2\" data-element_type=\"widget\" data-widget_type=\"text-editor.default\">\n\t\t\t\t<div class=\"elementor-widget-container\">\n\t\t\t\t\t\t\t<p>Des de gravar una veu en off, restaurar so, fins a gravar una banda o BSO. <br \/><span style=\"color: var( --e-global-color-text ); text-align: var(--text-align);\">mesclar i masteritzar. Explica&#8217;ns qu\u00e8 necessites.<\/span><\/p>\n\t\t\t\t\t\t<\/div>\n\t\t\t\t<\/div>\n\t\t\t\t<\/div>\n\t\t<div class=\"elementor-element elementor-element-4709667 e-con-full e-flex e-con e-parent\" data-id=\"4709667\" data-element_type=\"container\" data-settings=\"{&quot;content_width&quot;:&quot;full&quot;}\" data-core-v316-plus=\"true\">\n\t\t\t\t<div class=\"elementor-element elementor-element-5498c48 elementor-cta--skin-cover elementor-widget__width-initial elementor-bg-transform elementor-bg-transform-zoom-in elementor-widget elementor-widget-call-to-action\" data-id=\"5498c48\" data-element_type=\"widget\" data-widget_type=\"call-to-action.default\">\n\t\t\t\t<div class=\"elementor-widget-container\">\n\t\t\t\t\t<div class=\"elementor-cta\" data-e-bg-lazyload=\".elementor-bg\">\n\t\t\t\t\t<div class=\"elementor-cta__bg-wrapper\">\n\t\t\t\t<div class=\"elementor-cta__bg elementor-bg\" style=\"background-image: var(--e-bg-lazyload-loaded); --e-bg-lazyload: url(https:\/\/www.dbrec.es\/wp-content\/uploads\/2023\/07\/LIVE-DBREC-QUE-HACEMOS.png);\" role=\"img\" aria-label=\"LIVE DBREC QUE HACEMOS\"><\/div>\n\t\t\t\t<div class=\"elementor-cta__bg-overlay\"><\/div>\n\t\t\t<\/div>\n\t\t\t\t\t\t\t<div class=\"elementor-cta__content\">\n\t\t\t\t\n\t\t\t\t\t\t\t\t\t<h4 class=\"elementor-cta__title elementor-cta__content-item elementor-content-item\">\n\t\t\t\t\t\tLIVE\t\t\t\t\t<\/h4>\n\t\t\t\t\n\t\t\t\t\n\t\t\t\t\t\t\t<\/div>\n\t\t\t\t\t\t<\/div>\n\t\t\t\t<\/div>\n\t\t\t\t<\/div>\n\t\t\t\t<div class=\"elementor-element elementor-element-fcc8a38 elementor-widget elementor-widget-text-editor\" data-id=\"fcc8a38\" data-element_type=\"widget\" data-widget_type=\"text-editor.default\">\n\t\t\t\t<div class=\"elementor-widget-container\">\n\t\t\t\t\t\t\t<p>Digues qu\u00e8 \u00e9s el que vols fer sonar i et proposem l&#8217;opci\u00f3 que m\u00e9s et convingui.<\/p>\n\t\t\t\t\t\t<\/div>\n\t\t\t\t<\/div>\n\t\t\t\t<\/div>\n\t\t\t\t\t<\/div>\n\t\t\t\t<\/div>\n\t\t<div class=\"elementor-element elementor-element-7684b09 e-flex e-con-boxed e-con e-parent\" data-id=\"7684b09\" data-element_type=\"container\" data-settings=\"{&quot;content_width&quot;:&quot;boxed&quot;}\" data-core-v316-plus=\"true\">\n\t\t\t\t\t<div class=\"e-con-inner\">\n\t\t\t\t<div class=\"elementor-element elementor-element-bcbdd68 elementor-cta--skin-cover elementor-widget__width-initial elementor-bg-transform elementor-bg-transform-zoom-in elementor-widget elementor-widget-call-to-action\" data-id=\"bcbdd68\" data-element_type=\"widget\" data-widget_type=\"call-to-action.default\">\n\t\t\t\t<div class=\"elementor-widget-container\">\n\t\t\t\t\t<a class=\"elementor-cta\" data-e-bg-lazyload=\".elementor-bg\" href=\"https:\/\/www.dbrec.es\/material\/\">\n\t\t\t\t\t<div class=\"elementor-cta__bg-wrapper\">\n\t\t\t\t<div class=\"elementor-cta__bg elementor-bg\" style=\"background-image: var(--e-bg-lazyload-loaded); --e-bg-lazyload: url(https:\/\/www.dbrec.es\/wp-content\/uploads\/2023\/07\/CONSULTA-NUESTRO-MATERIAL-HOME-1024x120.png);\" role=\"img\" aria-label=\"CONSULTA NUESTRO MATERIAL HOME\"><\/div>\n\t\t\t\t<div class=\"elementor-cta__bg-overlay\"><\/div>\n\t\t\t<\/div>\n\t\t\t\t\t\t\t<div class=\"elementor-cta__content\">\n\t\t\t\t\n\t\t\t\t\t\t\t\t\t<h5 class=\"elementor-cta__title elementor-cta__content-item elementor-content-item\">\n\t\t\t\t\t\tConsulta el nostre <b>material<\/b>\t\t\t\t\t<\/h5>\n\t\t\t\t\n\t\t\t\t\n\t\t\t\t\t\t\t<\/div>\n\t\t\t\t\t\t<\/a>\n\t\t\t\t<\/div>\n\t\t\t\t<\/div>\n\t\t\t\t<div class=\"elementor-element elementor-element-c7b2f9b elementor-widget elementor-widget-text-editor\" data-id=\"c7b2f9b\" data-element_type=\"widget\" data-widget_type=\"text-editor.default\">\n\t\t\t\t<div class=\"elementor-widget-container\">\n\t\t\t\t\t\t\t<p>Treballem amb les millors marques del sector, intentant tenir sempre el material d&#8217;\u00faltima generaci\u00f3.<\/p>\n\t\t\t\t\t\t<\/div>\n\t\t\t\t<\/div>\n\t\t\t\t\t<\/div>\n\t\t\t\t<\/div>\n\t\t\t\t<\/div>\n\t\t","protected":false},"excerpt":{"rendered":"<p>BROADCAST FILM COMMERCIAL Explica&#8217;ns el teu projecte, i ens adaptem a dissenyar, gravar i\/o postproduir-lo de la millor manera que sabem. STUDIO Des de gravar una veu en off, restaurar so, fins a gravar una banda o BSO. mesclar i masteritzar. Explica&#8217;ns qu\u00e8 necessites. LIVE Digues qu\u00e8 \u00e9s el que vols fer sonar i et [&hellip;]<\/p>\n","protected":false},"author":2,"featured_media":31,"parent":0,"menu_order":0,"comment_status":"closed","ping_status":"closed","template":"","meta":{"_monsterinsights_skip_tracking":false,"_monsterinsights_sitenote_active":false,"_monsterinsights_sitenote_note":"","_monsterinsights_sitenote_category":0,"footnotes":""},"class_list":["post-613","page","type-page","status-publish","has-post-thumbnail","hentry"],"yoast_head":"<!-- This site is optimized with the Yoast SEO plugin v22.1 - https:\/\/yoast.com\/wordpress\/plugins\/seo\/ -->\n<title>Qu\u00e8 fem - DBREC<\/title>\n<meta name=\"robots\" content=\"index, follow, max-snippet:-1, max-image-preview:large, max-video-preview:-1\" \/>\n<link rel=\"canonical\" href=\"https:\/\/www.dbrec.es\/ca\/que-fem\/\" \/>\n<meta property=\"og:locale\" content=\"ca_ES\" \/>\n<meta property=\"og:type\" content=\"article\" \/>\n<meta property=\"og:title\" content=\"Qu\u00e8 fem - DBREC\" \/>\n<meta property=\"og:description\" content=\"BROADCAST FILM COMMERCIAL Explica&#8217;ns el teu projecte, i ens adaptem a dissenyar, gravar i\/o postproduir-lo de la millor manera que sabem. STUDIO Des de gravar una veu en off, restaurar so, fins a gravar una banda o BSO. mesclar i masteritzar. Explica&#8217;ns qu\u00e8 necessites. LIVE Digues qu\u00e8 \u00e9s el que vols fer sonar i et [&hellip;]\" \/>\n<meta property=\"og:url\" content=\"https:\/\/www.dbrec.es\/ca\/que-fem\/\" \/>\n<meta property=\"og:site_name\" content=\"DBREC\" \/>\n<meta property=\"article:modified_time\" content=\"2023-07-19T16:27:32+00:00\" \/>\n<meta property=\"og:image\" content=\"https:\/\/www.dbrec.es\/wp-content\/uploads\/2023\/07\/dbrec-169.jpg\" \/>\n\t<meta property=\"og:image:width\" content=\"1920\" \/>\n\t<meta property=\"og:image:height\" content=\"1080\" \/>\n\t<meta property=\"og:image:type\" content=\"image\/jpeg\" \/>\n<meta name=\"twitter:card\" content=\"summary_large_image\" \/>\n<script type=\"application\/ld+json\" class=\"yoast-schema-graph\">{\"@context\":\"https:\/\/schema.org\",\"@graph\":[{\"@type\":\"WebPage\",\"@id\":\"https:\/\/www.dbrec.es\/ca\/que-fem\/\",\"url\":\"https:\/\/www.dbrec.es\/ca\/que-fem\/\",\"name\":\"Qu\u00e8 fem - DBREC\",\"isPartOf\":{\"@id\":\"https:\/\/www.dbrec.es\/ca\/#website\"},\"datePublished\":\"2023-07-03T09:21:45+00:00\",\"dateModified\":\"2023-07-19T16:27:32+00:00\",\"breadcrumb\":{\"@id\":\"https:\/\/www.dbrec.es\/ca\/que-fem\/#breadcrumb\"},\"inLanguage\":\"ca\",\"potentialAction\":[{\"@type\":\"ReadAction\",\"target\":[\"https:\/\/www.dbrec.es\/ca\/que-fem\/\"]}]},{\"@type\":\"BreadcrumbList\",\"@id\":\"https:\/\/www.dbrec.es\/ca\/que-fem\/#breadcrumb\",\"itemListElement\":[{\"@type\":\"ListItem\",\"position\":1,\"name\":\"Portada\",\"item\":\"https:\/\/www.dbrec.es\/ca\/inici\/\"},{\"@type\":\"ListItem\",\"position\":2,\"name\":\"Qu\u00e8 fem\"}]},{\"@type\":\"WebSite\",\"@id\":\"https:\/\/www.dbrec.es\/ca\/#website\",\"url\":\"https:\/\/www.dbrec.es\/ca\/\",\"name\":\"dB REC Audio Solutions\",\"description\":\"Audio Solutions\",\"publisher\":{\"@id\":\"https:\/\/www.dbrec.es\/ca\/#organization\"},\"potentialAction\":[{\"@type\":\"SearchAction\",\"target\":{\"@type\":\"EntryPoint\",\"urlTemplate\":\"https:\/\/www.dbrec.es\/ca\/?s={search_term_string}\"},\"query-input\":\"required name=search_term_string\"}],\"inLanguage\":\"ca\"},{\"@type\":\"Organization\",\"@id\":\"https:\/\/www.dbrec.es\/ca\/#organization\",\"name\":\"dB REC Audio Solutions\",\"url\":\"https:\/\/www.dbrec.es\/ca\/\",\"logo\":{\"@type\":\"ImageObject\",\"inLanguage\":\"ca\",\"@id\":\"https:\/\/www.dbrec.es\/ca\/#\/schema\/logo\/image\/\",\"url\":\"https:\/\/www.dbrec.es\/wp-content\/uploads\/2023\/07\/dbrec-169.jpg\",\"contentUrl\":\"https:\/\/www.dbrec.es\/wp-content\/uploads\/2023\/07\/dbrec-169.jpg\",\"width\":1920,\"height\":1080,\"caption\":\"dB REC Audio Solutions\"},\"image\":{\"@id\":\"https:\/\/www.dbrec.es\/ca\/#\/schema\/logo\/image\/\"},\"sameAs\":[\"https:\/\/www.instagram.com\/db_rec\/\"]}]}<\/script>\n<!-- \/ Yoast SEO plugin. -->","yoast_head_json":{"title":"Qu\u00e8 fem - DBREC","robots":{"index":"index","follow":"follow","max-snippet":"max-snippet:-1","max-image-preview":"max-image-preview:large","max-video-preview":"max-video-preview:-1"},"canonical":"https:\/\/www.dbrec.es\/ca\/que-fem\/","og_locale":"ca_ES","og_type":"article","og_title":"Qu\u00e8 fem - DBREC","og_description":"BROADCAST FILM COMMERCIAL Explica&#8217;ns el teu projecte, i ens adaptem a dissenyar, gravar i\/o postproduir-lo de la millor manera que sabem. STUDIO Des de gravar una veu en off, restaurar so, fins a gravar una banda o BSO. mesclar i masteritzar. Explica&#8217;ns qu\u00e8 necessites. LIVE Digues qu\u00e8 \u00e9s el que vols fer sonar i et [&hellip;]","og_url":"https:\/\/www.dbrec.es\/ca\/que-fem\/","og_site_name":"DBREC","article_modified_time":"2023-07-19T16:27:32+00:00","og_image":[{"width":1920,"height":1080,"url":"https:\/\/www.dbrec.es\/wp-content\/uploads\/2023\/07\/dbrec-169.jpg","type":"image\/jpeg"}],"twitter_card":"summary_large_image","schema":{"@context":"https:\/\/schema.org","@graph":[{"@type":"WebPage","@id":"https:\/\/www.dbrec.es\/ca\/que-fem\/","url":"https:\/\/www.dbrec.es\/ca\/que-fem\/","name":"Qu\u00e8 fem - DBREC","isPartOf":{"@id":"https:\/\/www.dbrec.es\/ca\/#website"},"datePublished":"2023-07-03T09:21:45+00:00","dateModified":"2023-07-19T16:27:32+00:00","breadcrumb":{"@id":"https:\/\/www.dbrec.es\/ca\/que-fem\/#breadcrumb"},"inLanguage":"ca","potentialAction":[{"@type":"ReadAction","target":["https:\/\/www.dbrec.es\/ca\/que-fem\/"]}]},{"@type":"BreadcrumbList","@id":"https:\/\/www.dbrec.es\/ca\/que-fem\/#breadcrumb","itemListElement":[{"@type":"ListItem","position":1,"name":"Portada","item":"https:\/\/www.dbrec.es\/ca\/inici\/"},{"@type":"ListItem","position":2,"name":"Qu\u00e8 fem"}]},{"@type":"WebSite","@id":"https:\/\/www.dbrec.es\/ca\/#website","url":"https:\/\/www.dbrec.es\/ca\/","name":"dB REC Audio Solutions","description":"Audio Solutions","publisher":{"@id":"https:\/\/www.dbrec.es\/ca\/#organization"},"potentialAction":[{"@type":"SearchAction","target":{"@type":"EntryPoint","urlTemplate":"https:\/\/www.dbrec.es\/ca\/?s={search_term_string}"},"query-input":"required name=search_term_string"}],"inLanguage":"ca"},{"@type":"Organization","@id":"https:\/\/www.dbrec.es\/ca\/#organization","name":"dB REC Audio Solutions","url":"https:\/\/www.dbrec.es\/ca\/","logo":{"@type":"ImageObject","inLanguage":"ca","@id":"https:\/\/www.dbrec.es\/ca\/#\/schema\/logo\/image\/","url":"https:\/\/www.dbrec.es\/wp-content\/uploads\/2023\/07\/dbrec-169.jpg","contentUrl":"https:\/\/www.dbrec.es\/wp-content\/uploads\/2023\/07\/dbrec-169.jpg","width":1920,"height":1080,"caption":"dB REC Audio Solutions"},"image":{"@id":"https:\/\/www.dbrec.es\/ca\/#\/schema\/logo\/image\/"},"sameAs":["https:\/\/www.instagram.com\/db_rec\/"]}]}},"_links":{"self":[{"href":"https:\/\/www.dbrec.es\/ca\/wp-json\/wp\/v2\/pages\/613","targetHints":{"allow":["GET"]}}],"collection":[{"href":"https:\/\/www.dbrec.es\/ca\/wp-json\/wp\/v2\/pages"}],"about":[{"href":"https:\/\/www.dbrec.es\/ca\/wp-json\/wp\/v2\/types\/page"}],"author":[{"embeddable":true,"href":"https:\/\/www.dbrec.es\/ca\/wp-json\/wp\/v2\/users\/2"}],"replies":[{"embeddable":true,"href":"https:\/\/www.dbrec.es\/ca\/wp-json\/wp\/v2\/comments?post=613"}],"version-history":[{"count":5,"href":"https:\/\/www.dbrec.es\/ca\/wp-json\/wp\/v2\/pages\/613\/revisions"}],"predecessor-version":[{"id":627,"href":"https:\/\/www.dbrec.es\/ca\/wp-json\/wp\/v2\/pages\/613\/revisions\/627"}],"wp:featuredmedia":[{"embeddable":true,"href":"https:\/\/www.dbrec.es\/ca\/wp-json\/wp\/v2\/media\/31"}],"wp:attachment":[{"href":"https:\/\/www.dbrec.es\/ca\/wp-json\/wp\/v2\/media?parent=613"}],"curies":[{"name":"wp","href":"https:\/\/api.w.org\/{rel}","templated":true}]}}