{"id":617,"date":"2023-07-03T11:18:33","date_gmt":"2023-07-03T09:18:33","guid":{"rendered":"https:\/\/www.dbrec.es\/qui-som\/"},"modified":"2023-07-19T18:25:13","modified_gmt":"2023-07-19T16:25:13","slug":"qui-som","status":"publish","type":"page","link":"https:\/\/www.dbrec.es\/ca\/qui-som\/","title":{"rendered":"Qui som"},"content":{"rendered":"\t\t<div data-elementor-type=\"wp-page\" data-elementor-id=\"617\" class=\"elementor elementor-617 elementor-53\" data-elementor-post-type=\"page\">\n\t\t\t\t<div class=\"elementor-element elementor-element-a0f80fa e-flex e-con-boxed e-con e-parent\" data-id=\"a0f80fa\" data-element_type=\"container\" data-settings=\"{&quot;content_width&quot;:&quot;boxed&quot;}\" data-core-v316-plus=\"true\">\n\t\t\t\t\t<div class=\"e-con-inner\">\n\t\t\t\t<div class=\"elementor-element elementor-element-5f52ad6 elementor-widget elementor-widget-heading\" data-id=\"5f52ad6\" data-element_type=\"widget\" data-widget_type=\"heading.default\">\n\t\t\t\t<div class=\"elementor-widget-container\">\n\t\t\t<style>\/*! elementor - v3.19.0 - 07-02-2024 *\/\n.elementor-heading-title{padding:0;margin:0;line-height:1}.elementor-widget-heading .elementor-heading-title[class*=elementor-size-]>a{color:inherit;font-size:inherit;line-height:inherit}.elementor-widget-heading .elementor-heading-title.elementor-size-small{font-size:15px}.elementor-widget-heading .elementor-heading-title.elementor-size-medium{font-size:19px}.elementor-widget-heading .elementor-heading-title.elementor-size-large{font-size:29px}.elementor-widget-heading .elementor-heading-title.elementor-size-xl{font-size:39px}.elementor-widget-heading .elementor-heading-title.elementor-size-xxl{font-size:59px}<\/style><h1 class=\"elementor-heading-title elementor-size-default\">Qui som<\/h1>\t\t<\/div>\n\t\t\t\t<\/div>\n\t\t<div class=\"elementor-element elementor-element-c6dbbbf e-flex e-con-boxed e-con e-parent\" data-id=\"c6dbbbf\" data-element_type=\"container\" data-settings=\"{&quot;content_width&quot;:&quot;boxed&quot;}\" data-core-v316-plus=\"true\">\n\t\t\t\t\t<div class=\"e-con-inner\">\n\t\t\t\t<div class=\"elementor-element elementor-element-e7fd730 elementor-widget__width-initial elementor-position-top elementor-widget elementor-widget-image-box\" data-id=\"e7fd730\" data-element_type=\"widget\" data-widget_type=\"image-box.default\">\n\t\t\t\t<div class=\"elementor-widget-container\">\n\t\t\t<style>.elementor-widget-image-box .elementor-image-box-content{width:100%}@media (min-width:768px){.elementor-widget-image-box.elementor-position-left .elementor-image-box-wrapper,.elementor-widget-image-box.elementor-position-right .elementor-image-box-wrapper{display:flex}.elementor-widget-image-box.elementor-position-right .elementor-image-box-wrapper{text-align:right;flex-direction:row-reverse}.elementor-widget-image-box.elementor-position-left .elementor-image-box-wrapper{text-align:left;flex-direction:row}.elementor-widget-image-box.elementor-position-top .elementor-image-box-img{margin:auto}.elementor-widget-image-box.elementor-vertical-align-top .elementor-image-box-wrapper{align-items:flex-start}.elementor-widget-image-box.elementor-vertical-align-middle .elementor-image-box-wrapper{align-items:center}.elementor-widget-image-box.elementor-vertical-align-bottom .elementor-image-box-wrapper{align-items:flex-end}}@media (max-width:767px){.elementor-widget-image-box .elementor-image-box-img{margin-left:auto!important;margin-right:auto!important;margin-bottom:15px}}.elementor-widget-image-box .elementor-image-box-img{display:inline-block}.elementor-widget-image-box .elementor-image-box-title a{color:inherit}.elementor-widget-image-box .elementor-image-box-wrapper{text-align:center}.elementor-widget-image-box .elementor-image-box-description{margin:0}<\/style><div class=\"elementor-image-box-wrapper\"><figure class=\"elementor-image-box-img\"><img fetchpriority=\"high\" decoding=\"async\" width=\"607\" height=\"392\" src=\"https:\/\/www.dbrec.es\/wp-content\/uploads\/2023\/07\/alex-albors-dbrec.png\" class=\"attachment-full size-full wp-image-215\" alt=\"\" srcset=\"https:\/\/www.dbrec.es\/wp-content\/uploads\/2023\/07\/alex-albors-dbrec.png 607w, https:\/\/www.dbrec.es\/wp-content\/uploads\/2023\/07\/alex-albors-dbrec-300x194.png 300w\" sizes=\"(max-width: 607px) 100vw, 607px\" \/><\/figure><div class=\"elementor-image-box-content\"><h2 class=\"elementor-image-box-title\">\u00c0LEX ALBORS<\/h2><p class=\"elementor-image-box-description\">Hola, s\u00f3c l'\u00c0lex Albors, des del 1987 vaig comen\u00e7ar el meu cam\u00ed al m\u00f3n del so col\u00b7laborant en una emissora radiof\u00f2nica com a t\u00e8cnic en retransmissions esportives, informatives i entreteniment.<br><br>Un xic m\u00e9s tard, ja al m\u00f3n Audiovisual, vaig treballar en una coneguda empresa del sector, com a t\u00e8cnic de sala i de mescles, Unitats m\u00f2bils, ENG, etc.<br><br>En acabar el meu vincle amb aquesta empresa i ja com a freelance vaig seguir al sector treballant en ENG, televisi\u00f3, documentals, publicitat, s\u00e8ries, tv-movies, cinema, etc.<br><br>Anys m\u00e9s tard, i despr\u00e9s de coincidir habitualment en un programa d'\u00e8xit de TV, amb el melindro de la columna de la teva dreta, vam decidir crear dB Rec.<\/p><\/div><\/div>\t\t<\/div>\n\t\t\t\t<\/div>\n\t\t\t\t<div class=\"elementor-element elementor-element-0cd8a69 elementor-widget__width-initial elementor-position-top elementor-widget elementor-widget-image-box\" data-id=\"0cd8a69\" data-element_type=\"widget\" data-widget_type=\"image-box.default\">\n\t\t\t\t<div class=\"elementor-widget-container\">\n\t\t\t<div class=\"elementor-image-box-wrapper\"><figure class=\"elementor-image-box-img\"><img decoding=\"async\" width=\"599\" height=\"392\" src=\"https:\/\/www.dbrec.es\/wp-content\/uploads\/2023\/07\/efrem-carbo-dbrec.png\" class=\"attachment-full size-full wp-image-213\" alt=\"\" srcset=\"https:\/\/www.dbrec.es\/wp-content\/uploads\/2023\/07\/efrem-carbo-dbrec.png 599w, https:\/\/www.dbrec.es\/wp-content\/uploads\/2023\/07\/efrem-carbo-dbrec-300x196.png 300w\" sizes=\"(max-width: 599px) 100vw, 599px\" \/><\/figure><div class=\"elementor-image-box-content\"><h2 class=\"elementor-image-box-title\">EFREM CARB\u00d3<\/h2><p class=\"elementor-image-box-description\">Hola, s\u00f3c l'Efrem Carb\u00f3, amb setze anys vaig comen\u00e7ar a treballar de roadie en concerts.<br><br>Durant anys vaig alternar els directes amb feines en diferents estudis de doblatge com a t\u00e8cnic de sala i de mescles. Poc despr\u00e9s vaig entrar a formar part d'una gran factoria de TV fent reconeguts programes.<br><br>Sent freelance, vaig treballar amb diverses empreses tant en espectacles en directe, concerts, esdeveniments, pon\u00e8ncies, convencions..., com en productores audiovisuals fent programes de tv, retransmissions esportives, publicitat, cinema, s\u00e8ries, ENG, etc.<br><br>Uns anys m\u00e9s tard, en un programa d'\u00e8xit de TV, amb el mel\u00f3 de la columna de la teva esquerra, vam decidir crear dB Rec.<\/p><\/div><\/div>\t\t<\/div>\n\t\t\t\t<\/div>\n\t\t\t\t<div class=\"elementor-element elementor-element-212a8eb elementor-position-left elementor-widget__width-initial elementor-vertical-align-top elementor-widget elementor-widget-image-box\" data-id=\"212a8eb\" data-element_type=\"widget\" data-widget_type=\"image-box.default\">\n\t\t\t\t<div class=\"elementor-widget-container\">\n\t\t\t<div class=\"elementor-image-box-wrapper\"><figure class=\"elementor-image-box-img\"><img decoding=\"async\" width=\"248\" height=\"330\" src=\"https:\/\/www.dbrec.es\/wp-content\/uploads\/2023\/07\/raul-arias-dbrec.png\" class=\"attachment-full size-full wp-image-211\" alt=\"\" srcset=\"https:\/\/www.dbrec.es\/wp-content\/uploads\/2023\/07\/raul-arias-dbrec.png 248w, https:\/\/www.dbrec.es\/wp-content\/uploads\/2023\/07\/raul-arias-dbrec-225x300.png 225w\" sizes=\"(max-width: 248px) 100vw, 248px\" \/><\/figure><div class=\"elementor-image-box-content\"><h3 class=\"elementor-image-box-title\">RA\u00daL ARIAS<\/h3><p class=\"elementor-image-box-description\">Del Raul podr\u00edem dir que \u00e9s el tercer Beatle de dB Rec (els altres 2 que falten van i v\u00e9nen sovint). \u00c9s el nostre Mestre de Cerim\u00f2nies a l'estudi i el que faci falta.\n\nVa comen\u00e7ar com a delineant i avui dia \u00e9s un geni dels waveforms del Pro Tools i t\u00e9 mooolt d'art microfonant.<\/p><\/div><\/div>\t\t<\/div>\n\t\t\t\t<\/div>\n\t\t\t\t\t<\/div>\n\t\t\t\t<\/div>\n\t\t<div class=\"elementor-element elementor-element-2ed191c e-flex e-con-boxed e-con e-parent\" data-id=\"2ed191c\" data-element_type=\"container\" data-settings=\"{&quot;content_width&quot;:&quot;boxed&quot;}\" data-core-v316-plus=\"true\">\n\t\t\t\t\t<div class=\"e-con-inner\">\n\t\t\t\t<div class=\"elementor-element elementor-element-9623d84 elementor-cta--skin-cover elementor-widget__width-initial elementor-bg-transform elementor-bg-transform-zoom-in elementor-widget elementor-widget-call-to-action\" data-id=\"9623d84\" data-element_type=\"widget\" data-widget_type=\"call-to-action.default\">\n\t\t\t\t<div class=\"elementor-widget-container\">\n\t\t\t<link rel=\"stylesheet\" href=\"https:\/\/www.dbrec.es\/wp-content\/uploads\/elementor\/css\/custom-pro-widget-call-to-action.min.css?ver=1708591694\">\t\t<a class=\"elementor-cta\" data-e-bg-lazyload=\".elementor-bg\" href=\"https:\/\/www.dbrec.es\/que-hacemos\/\">\n\t\t\t\t\t<div class=\"elementor-cta__bg-wrapper\">\n\t\t\t\t<div class=\"elementor-cta__bg elementor-bg\" style=\"background-image: var(--e-bg-lazyload-loaded); --e-bg-lazyload: url(https:\/\/www.dbrec.es\/wp-content\/uploads\/2023\/07\/broadcast-film-commercial-dbrec.png);\" role=\"img\" aria-label=\"broadcast film commercial dbrec\"><\/div>\n\t\t\t\t<div class=\"elementor-cta__bg-overlay\"><\/div>\n\t\t\t<\/div>\n\t\t\t\t\t\t\t<div class=\"elementor-cta__content\">\n\t\t\t\t\n\t\t\t\t\t\t\t\t\t<h4 class=\"elementor-cta__title elementor-cta__content-item elementor-content-item\">\n\t\t\t\t\t\tBROADCAST \u00b7 FILM \u00b7 COMMERCIAL\t\t\t\t\t<\/h4>\n\t\t\t\t\n\t\t\t\t\n\t\t\t\t\t\t\t<\/div>\n\t\t\t\t\t\t<\/a>\n\t\t\t\t<\/div>\n\t\t\t\t<\/div>\n\t\t\t\t<div class=\"elementor-element elementor-element-2746773 elementor-cta--skin-cover elementor-widget__width-initial elementor-bg-transform elementor-bg-transform-zoom-in elementor-widget elementor-widget-call-to-action\" data-id=\"2746773\" data-element_type=\"widget\" data-widget_type=\"call-to-action.default\">\n\t\t\t\t<div class=\"elementor-widget-container\">\n\t\t\t\t\t<a class=\"elementor-cta\" data-e-bg-lazyload=\".elementor-bg\" href=\"https:\/\/www.dbrec.es\/que-hacemos\/\">\n\t\t\t\t\t<div class=\"elementor-cta__bg-wrapper\">\n\t\t\t\t<div class=\"elementor-cta__bg elementor-bg\" style=\"background-image: var(--e-bg-lazyload-loaded); --e-bg-lazyload: url(https:\/\/www.dbrec.es\/wp-content\/uploads\/2023\/07\/live-dbrec.png);\" role=\"img\" aria-label=\"live dbrec\"><\/div>\n\t\t\t\t<div class=\"elementor-cta__bg-overlay\"><\/div>\n\t\t\t<\/div>\n\t\t\t\t\t\t\t<div class=\"elementor-cta__content\">\n\t\t\t\t\n\t\t\t\t\t\t\t\t\t<h4 class=\"elementor-cta__title elementor-cta__content-item elementor-content-item\">\n\t\t\t\t\t\tLIVE\t\t\t\t\t<\/h4>\n\t\t\t\t\n\t\t\t\t\n\t\t\t\t\t\t\t<\/div>\n\t\t\t\t\t\t<\/a>\n\t\t\t\t<\/div>\n\t\t\t\t<\/div>\n\t\t\t\t<div class=\"elementor-element elementor-element-6a5c15b elementor-cta--skin-cover elementor-widget__width-initial elementor-bg-transform elementor-bg-transform-zoom-in elementor-widget elementor-widget-call-to-action\" data-id=\"6a5c15b\" data-element_type=\"widget\" data-widget_type=\"call-to-action.default\">\n\t\t\t\t<div class=\"elementor-widget-container\">\n\t\t\t\t\t<a class=\"elementor-cta\" data-e-bg-lazyload=\".elementor-bg\" href=\"https:\/\/www.dbrec.es\/que-hacemos\/\">\n\t\t\t\t\t<div class=\"elementor-cta__bg-wrapper\">\n\t\t\t\t<div class=\"elementor-cta__bg elementor-bg\" style=\"background-image: var(--e-bg-lazyload-loaded); --e-bg-lazyload: url(https:\/\/www.dbrec.es\/wp-content\/uploads\/2023\/07\/studio-dbrec.png);\" role=\"img\" aria-label=\"studio dbrec\"><\/div>\n\t\t\t\t<div class=\"elementor-cta__bg-overlay\"><\/div>\n\t\t\t<\/div>\n\t\t\t\t\t\t\t<div class=\"elementor-cta__content\">\n\t\t\t\t\n\t\t\t\t\t\t\t\t\t<h4 class=\"elementor-cta__title elementor-cta__content-item elementor-content-item\">\n\t\t\t\t\t\tSTUDIO\t\t\t\t\t<\/h4>\n\t\t\t\t\n\t\t\t\t\n\t\t\t\t\t\t\t<\/div>\n\t\t\t\t\t\t<\/a>\n\t\t\t\t<\/div>\n\t\t\t\t<\/div>\n\t\t\t\t\t<\/div>\n\t\t\t\t<\/div>\n\t\t\t\t\t<\/div>\n\t\t\t\t<\/div>\n\t\t\t\t<\/div>\n\t\t","protected":false},"excerpt":{"rendered":"<p>\u00c0LEX ALBORS Hola, s\u00f3c l&#8217;\u00c0lex Albors, des del 1987 vaig comen\u00e7ar el meu cam\u00ed al m\u00f3n del so col\u00b7laborant en una emissora radiof\u00f2nica com a t\u00e8cnic en retransmissions esportives, informatives i entreteniment. Un xic m\u00e9s tard, ja al m\u00f3n Audiovisual, vaig treballar en una coneguda empresa del sector, com a t\u00e8cnic de sala i de [&hellip;]<\/p>\n","protected":false},"author":2,"featured_media":31,"parent":0,"menu_order":0,"comment_status":"closed","ping_status":"closed","template":"","meta":{"_monsterinsights_skip_tracking":false,"_monsterinsights_sitenote_active":false,"_monsterinsights_sitenote_note":"","_monsterinsights_sitenote_category":0,"footnotes":""},"class_list":["post-617","page","type-page","status-publish","has-post-thumbnail","hentry"],"yoast_head":"<!-- This site is optimized with the Yoast SEO plugin v22.1 - https:\/\/yoast.com\/wordpress\/plugins\/seo\/ -->\n<title>Qui som - DBREC<\/title>\n<meta name=\"robots\" content=\"index, follow, max-snippet:-1, max-image-preview:large, max-video-preview:-1\" \/>\n<link rel=\"canonical\" href=\"https:\/\/www.dbrec.es\/ca\/qui-som\/\" \/>\n<meta property=\"og:locale\" content=\"ca_ES\" \/>\n<meta property=\"og:type\" content=\"article\" \/>\n<meta property=\"og:title\" content=\"Qui som - DBREC\" \/>\n<meta property=\"og:description\" content=\"\u00c0LEX ALBORS Hola, s\u00f3c l&#8217;\u00c0lex Albors, des del 1987 vaig comen\u00e7ar el meu cam\u00ed al m\u00f3n del so col\u00b7laborant en una emissora radiof\u00f2nica com a t\u00e8cnic en retransmissions esportives, informatives i entreteniment. Un xic m\u00e9s tard, ja al m\u00f3n Audiovisual, vaig treballar en una coneguda empresa del sector, com a t\u00e8cnic de sala i de [&hellip;]\" \/>\n<meta property=\"og:url\" content=\"https:\/\/www.dbrec.es\/ca\/qui-som\/\" \/>\n<meta property=\"og:site_name\" content=\"DBREC\" \/>\n<meta property=\"article:modified_time\" content=\"2023-07-19T16:25:13+00:00\" \/>\n<meta property=\"og:image\" content=\"https:\/\/www.dbrec.es\/wp-content\/uploads\/2023\/07\/dbrec-169.jpg\" \/>\n\t<meta property=\"og:image:width\" content=\"1920\" \/>\n\t<meta property=\"og:image:height\" content=\"1080\" \/>\n\t<meta property=\"og:image:type\" content=\"image\/jpeg\" \/>\n<meta name=\"twitter:card\" content=\"summary_large_image\" \/>\n<script type=\"application\/ld+json\" class=\"yoast-schema-graph\">{\"@context\":\"https:\/\/schema.org\",\"@graph\":[{\"@type\":\"WebPage\",\"@id\":\"https:\/\/www.dbrec.es\/ca\/qui-som\/\",\"url\":\"https:\/\/www.dbrec.es\/ca\/qui-som\/\",\"name\":\"Qui som - DBREC\",\"isPartOf\":{\"@id\":\"https:\/\/www.dbrec.es\/ca\/#website\"},\"datePublished\":\"2023-07-03T09:18:33+00:00\",\"dateModified\":\"2023-07-19T16:25:13+00:00\",\"breadcrumb\":{\"@id\":\"https:\/\/www.dbrec.es\/ca\/qui-som\/#breadcrumb\"},\"inLanguage\":\"ca\",\"potentialAction\":[{\"@type\":\"ReadAction\",\"target\":[\"https:\/\/www.dbrec.es\/ca\/qui-som\/\"]}]},{\"@type\":\"BreadcrumbList\",\"@id\":\"https:\/\/www.dbrec.es\/ca\/qui-som\/#breadcrumb\",\"itemListElement\":[{\"@type\":\"ListItem\",\"position\":1,\"name\":\"Portada\",\"item\":\"https:\/\/www.dbrec.es\/ca\/inici\/\"},{\"@type\":\"ListItem\",\"position\":2,\"name\":\"Qui som\"}]},{\"@type\":\"WebSite\",\"@id\":\"https:\/\/www.dbrec.es\/ca\/#website\",\"url\":\"https:\/\/www.dbrec.es\/ca\/\",\"name\":\"dB REC Audio Solutions\",\"description\":\"Audio Solutions\",\"publisher\":{\"@id\":\"https:\/\/www.dbrec.es\/ca\/#organization\"},\"potentialAction\":[{\"@type\":\"SearchAction\",\"target\":{\"@type\":\"EntryPoint\",\"urlTemplate\":\"https:\/\/www.dbrec.es\/ca\/?s={search_term_string}\"},\"query-input\":\"required name=search_term_string\"}],\"inLanguage\":\"ca\"},{\"@type\":\"Organization\",\"@id\":\"https:\/\/www.dbrec.es\/ca\/#organization\",\"name\":\"dB REC Audio Solutions\",\"url\":\"https:\/\/www.dbrec.es\/ca\/\",\"logo\":{\"@type\":\"ImageObject\",\"inLanguage\":\"ca\",\"@id\":\"https:\/\/www.dbrec.es\/ca\/#\/schema\/logo\/image\/\",\"url\":\"https:\/\/www.dbrec.es\/wp-content\/uploads\/2023\/07\/dbrec-169.jpg\",\"contentUrl\":\"https:\/\/www.dbrec.es\/wp-content\/uploads\/2023\/07\/dbrec-169.jpg\",\"width\":1920,\"height\":1080,\"caption\":\"dB REC Audio Solutions\"},\"image\":{\"@id\":\"https:\/\/www.dbrec.es\/ca\/#\/schema\/logo\/image\/\"},\"sameAs\":[\"https:\/\/www.instagram.com\/db_rec\/\"]}]}<\/script>\n<!-- \/ Yoast SEO plugin. -->","yoast_head_json":{"title":"Qui som - DBREC","robots":{"index":"index","follow":"follow","max-snippet":"max-snippet:-1","max-image-preview":"max-image-preview:large","max-video-preview":"max-video-preview:-1"},"canonical":"https:\/\/www.dbrec.es\/ca\/qui-som\/","og_locale":"ca_ES","og_type":"article","og_title":"Qui som - DBREC","og_description":"\u00c0LEX ALBORS Hola, s\u00f3c l&#8217;\u00c0lex Albors, des del 1987 vaig comen\u00e7ar el meu cam\u00ed al m\u00f3n del so col\u00b7laborant en una emissora radiof\u00f2nica com a t\u00e8cnic en retransmissions esportives, informatives i entreteniment. Un xic m\u00e9s tard, ja al m\u00f3n Audiovisual, vaig treballar en una coneguda empresa del sector, com a t\u00e8cnic de sala i de [&hellip;]","og_url":"https:\/\/www.dbrec.es\/ca\/qui-som\/","og_site_name":"DBREC","article_modified_time":"2023-07-19T16:25:13+00:00","og_image":[{"width":1920,"height":1080,"url":"https:\/\/www.dbrec.es\/wp-content\/uploads\/2023\/07\/dbrec-169.jpg","type":"image\/jpeg"}],"twitter_card":"summary_large_image","schema":{"@context":"https:\/\/schema.org","@graph":[{"@type":"WebPage","@id":"https:\/\/www.dbrec.es\/ca\/qui-som\/","url":"https:\/\/www.dbrec.es\/ca\/qui-som\/","name":"Qui som - DBREC","isPartOf":{"@id":"https:\/\/www.dbrec.es\/ca\/#website"},"datePublished":"2023-07-03T09:18:33+00:00","dateModified":"2023-07-19T16:25:13+00:00","breadcrumb":{"@id":"https:\/\/www.dbrec.es\/ca\/qui-som\/#breadcrumb"},"inLanguage":"ca","potentialAction":[{"@type":"ReadAction","target":["https:\/\/www.dbrec.es\/ca\/qui-som\/"]}]},{"@type":"BreadcrumbList","@id":"https:\/\/www.dbrec.es\/ca\/qui-som\/#breadcrumb","itemListElement":[{"@type":"ListItem","position":1,"name":"Portada","item":"https:\/\/www.dbrec.es\/ca\/inici\/"},{"@type":"ListItem","position":2,"name":"Qui som"}]},{"@type":"WebSite","@id":"https:\/\/www.dbrec.es\/ca\/#website","url":"https:\/\/www.dbrec.es\/ca\/","name":"dB REC Audio Solutions","description":"Audio Solutions","publisher":{"@id":"https:\/\/www.dbrec.es\/ca\/#organization"},"potentialAction":[{"@type":"SearchAction","target":{"@type":"EntryPoint","urlTemplate":"https:\/\/www.dbrec.es\/ca\/?s={search_term_string}"},"query-input":"required name=search_term_string"}],"inLanguage":"ca"},{"@type":"Organization","@id":"https:\/\/www.dbrec.es\/ca\/#organization","name":"dB REC Audio Solutions","url":"https:\/\/www.dbrec.es\/ca\/","logo":{"@type":"ImageObject","inLanguage":"ca","@id":"https:\/\/www.dbrec.es\/ca\/#\/schema\/logo\/image\/","url":"https:\/\/www.dbrec.es\/wp-content\/uploads\/2023\/07\/dbrec-169.jpg","contentUrl":"https:\/\/www.dbrec.es\/wp-content\/uploads\/2023\/07\/dbrec-169.jpg","width":1920,"height":1080,"caption":"dB REC Audio Solutions"},"image":{"@id":"https:\/\/www.dbrec.es\/ca\/#\/schema\/logo\/image\/"},"sameAs":["https:\/\/www.instagram.com\/db_rec\/"]}]}},"_links":{"self":[{"href":"https:\/\/www.dbrec.es\/ca\/wp-json\/wp\/v2\/pages\/617","targetHints":{"allow":["GET"]}}],"collection":[{"href":"https:\/\/www.dbrec.es\/ca\/wp-json\/wp\/v2\/pages"}],"about":[{"href":"https:\/\/www.dbrec.es\/ca\/wp-json\/wp\/v2\/types\/page"}],"author":[{"embeddable":true,"href":"https:\/\/www.dbrec.es\/ca\/wp-json\/wp\/v2\/users\/2"}],"replies":[{"embeddable":true,"href":"https:\/\/www.dbrec.es\/ca\/wp-json\/wp\/v2\/comments?post=617"}],"version-history":[{"count":3,"href":"https:\/\/www.dbrec.es\/ca\/wp-json\/wp\/v2\/pages\/617\/revisions"}],"predecessor-version":[{"id":620,"href":"https:\/\/www.dbrec.es\/ca\/wp-json\/wp\/v2\/pages\/617\/revisions\/620"}],"wp:featuredmedia":[{"embeddable":true,"href":"https:\/\/www.dbrec.es\/ca\/wp-json\/wp\/v2\/media\/31"}],"wp:attachment":[{"href":"https:\/\/www.dbrec.es\/ca\/wp-json\/wp\/v2\/media?parent=617"}],"curies":[{"name":"wp","href":"https:\/\/api.w.org\/{rel}","templated":true}]}}